{"id":298,"date":"2019-09-13T11:10:00","date_gmt":"2019-09-13T11:10:00","guid":{"rendered":"http:\/\/quomodosoft.com\/saasmax\/home-9\/?page_id=298"},"modified":"2023-01-18T10:38:22","modified_gmt":"2023-01-18T09:38:22","slug":"contact","status":"publish","type":"page","link":"https:\/\/lemediam2.fr\/accueil\/contact\/","title":{"rendered":"Contact"},"content":{"rendered":"\t\t<div data-elementor-type=\"wp-page\" data-elementor-id=\"298\" class=\"elementor elementor-298\">\n\t\t\t\t\t\t<section class=\"elementor-section elementor-top-section elementor-element elementor-element-0037f5c elementor-section-boxed elementor-section-height-default elementor-section-height-default\" data-id=\"0037f5c\" data-element_type=\"section\" data-e-type=\"section\" data-settings=\"{&quot;background_background&quot;:&quot;classic&quot;}\">\n\t\t\t\t\t\t<div class=\"elementor-container elementor-column-gap-no\">\n\t\t\t\t\t<div class=\"elementor-column elementor-col-100 elementor-top-column elementor-element elementor-element-f29a2a0\" data-id=\"f29a2a0\" data-element_type=\"column\" data-e-type=\"column\">\n\t\t\t<div class=\"elementor-widget-wrap elementor-element-populated\">\n\t\t\t\t\t\t<section class=\"elementor-section elementor-inner-section elementor-element elementor-element-2ca0a6f elementor-section-boxed elementor-section-height-default elementor-section-height-default\" data-id=\"2ca0a6f\" data-element_type=\"section\" data-e-type=\"section\">\n\t\t\t\t\t\t<div class=\"elementor-container elementor-column-gap-default\">\n\t\t\t\t\t<div class=\"elementor-column elementor-col-100 elementor-inner-column elementor-element elementor-element-80ed3a6\" data-id=\"80ed3a6\" data-element_type=\"column\" data-e-type=\"column\">\n\t\t\t<div class=\"elementor-widget-wrap elementor-element-populated\">\n\t\t\t\t\t\t<div class=\"elementor-element elementor-element-5e92285 elementor-widget elementor-widget-heading\" data-id=\"5e92285\" data-element_type=\"widget\" data-e-type=\"widget\" data-widget_type=\"heading.default\">\n\t\t\t\t<div class=\"elementor-widget-container\">\n\t\t\t\t\t<h2 class=\"elementor-heading-title elementor-size-default\"><span class=\"elementor-heading-title elementor-size-default elementor-inline-editing pen\" data-elementor-setting-key=\"title\" data-pen-placeholder=\"\u00c9crivez ici...\" style=\"font-family: Raleway, sans-serif;font-weight: 800;text-align: center\">Une question ? \nBesoin de plus d'informations ?<\/span><\/h2>\t\t\t\t<\/div>\n\t\t\t\t<\/div>\n\t\t\t\t<div class=\"elementor-element elementor-element-3f12024 elementor-widget elementor-widget-text-editor\" data-id=\"3f12024\" data-element_type=\"widget\" data-e-type=\"widget\" data-widget_type=\"text-editor.default\">\n\t\t\t\t<div class=\"elementor-widget-container\">\n\t\t\t\t\t\t\t\t\t<p style=\"text-align: center;\"><span class=\"corrected-phrase corrected-phrase_synonyms-mode ng-star-inserted\" style=\"caret-color: #242424; color: #242424; font-family: Helvetica, sans-serif; text-align: center;\" data-end=\"3\" data-originaltext=\"Nous\" data-start=\"0\" data-text=\"\"><span class=\"corrected-phrase__displayed-text corrected-phrase__displayed-text_no-correction corrected-phrase__displayed-text_synonyms-mode ng-star-inserted\">Nous<\/span><\/span><span style=\"caret-color: #242424; color: #242424; font-family: Helvetica, sans-serif; text-align: center;\">\u00a0<\/span><span class=\"corrected-phrase corrected-phrase_synonyms-mode ng-star-inserted\" style=\"caret-color: #242424; color: #242424; font-family: Helvetica, sans-serif; text-align: center;\" data-end=\"11\" data-originaltext=\"restons\" data-start=\"5\" data-text=\"\"><span class=\"corrected-phrase__displayed-text corrected-phrase__displayed-text_no-correction corrected-phrase__displayed-text_synonyms-mode ng-star-inserted\">restons<\/span><\/span><span style=\"caret-color: #242424; color: #242424; font-family: Helvetica, sans-serif; text-align: center;\">\u00a0<\/span><span class=\"corrected-phrase ng-star-inserted\" style=\"caret-color: #242424; color: #242424; font-family: Helvetica, sans-serif; text-align: center;\" data-end=\"23\" data-originaltext=\"disponible \" data-start=\"13\" data-text=\"disponibles\"><span class=\"corrected-phrase__displayed-text corrected-phrase__displayed-text_bubbled\" data-group=\"AutoCorrected\" data-suggestions=\"1\" data-type=\"Grammar\">disponibles<\/span><\/span><span style=\"caret-color: #242424; color: #242424; font-family: Helvetica, sans-serif; text-align: center;\">\u00a0<\/span><span class=\"corrected-phrase corrected-phrase_synonyms-mode ng-star-inserted\" style=\"caret-color: #242424; color: #242424; font-family: Helvetica, sans-serif; text-align: center;\" data-end=\"25\" data-originaltext=\"et\" data-start=\"24\" data-text=\"\"><span class=\"corrected-phrase__displayed-text corrected-phrase__displayed-text_no-correction corrected-phrase__displayed-text_synonyms-mode ng-star-inserted\">et<\/span><\/span><span style=\"caret-color: #242424; color: #242424; font-family: Helvetica, sans-serif; text-align: center;\">\u00a0<\/span><span class=\"corrected-phrase corrected-phrase_synonyms-mode ng-star-inserted\" style=\"caret-color: #242424; color: #242424; font-family: Helvetica, sans-serif; text-align: center;\" data-end=\"30\" data-originaltext=\"nous\" data-start=\"27\" data-text=\"\"><span class=\"corrected-phrase__displayed-text corrected-phrase__displayed-text_no-correction corrected-phrase__displayed-text_synonyms-mode ng-star-inserted\">nous<\/span><\/span><span style=\"caret-color: #242424; color: #242424; font-family: Helvetica, sans-serif; text-align: center;\">\u00a0<\/span><span class=\"corrected-phrase corrected-phrase_synonyms-mode ng-star-inserted\" style=\"caret-color: #242424; color: #242424; font-family: Helvetica, sans-serif; text-align: center;\" data-end=\"40\" data-originaltext=\"engageons\" data-start=\"32\" data-text=\"\"><span class=\"corrected-phrase__displayed-text corrected-phrase__displayed-text_no-correction corrected-phrase__displayed-text_synonyms-mode ng-star-inserted\">engageons<\/span><\/span><span style=\"caret-color: #242424; color: #242424; font-family: Helvetica, sans-serif; text-align: center;\">\u00a0<\/span><span class=\"corrected-phrase ng-star-inserted\" style=\"caret-color: #242424; color: #242424; font-family: Helvetica, sans-serif; text-align: center;\" data-end=\"42\" data-originaltext=\"\u00e0\" data-start=\"42\" data-text=\"\"><span class=\"corrected-phrase__displayed-text corrected-phrase__displayed-text_no-correction ng-star-inserted\">\u00e0<\/span><\/span><span style=\"caret-color: #242424; color: #242424; font-family: Helvetica, sans-serif; text-align: center;\">\u00a0<\/span><span class=\"corrected-phrase corrected-phrase_synonyms-mode ng-star-inserted\" style=\"caret-color: #242424; color: #242424; font-family: Helvetica, sans-serif; text-align: center;\" data-end=\"47\" data-originaltext=\"vous\" data-start=\"44\" data-text=\"\"><span class=\"corrected-phrase__displayed-text corrected-phrase__displayed-text_no-correction corrected-phrase__displayed-text_synonyms-mode ng-star-inserted\">vous<\/span><\/span><span style=\"caret-color: #242424; color: #242424; font-family: Helvetica, sans-serif; text-align: center;\">\u00a0<\/span><span class=\"corrected-phrase corrected-phrase_synonyms-mode ng-star-inserted\" style=\"caret-color: #242424; color: #242424; font-family: Helvetica, sans-serif; text-align: center;\" data-end=\"56\" data-originaltext=\"rappeler\" data-start=\"49\" data-text=\"\"><span class=\"corrected-phrase__displayed-text corrected-phrase__displayed-text_no-correction corrected-phrase__displayed-text_synonyms-mode ng-star-inserted\">rappeler<\/span><\/span><span style=\"caret-color: #242424; color: #242424; font-family: Helvetica, sans-serif; text-align: center;\">\u00a0<\/span><span class=\"corrected-phrase corrected-phrase_synonyms-mode ng-star-inserted\" style=\"caret-color: #242424; color: #242424; font-family: Helvetica, sans-serif; text-align: center;\" data-end=\"61\" data-originaltext=\"dans\" data-start=\"58\" data-text=\"\"><span class=\"corrected-phrase__displayed-text corrected-phrase__displayed-text_no-correction corrected-phrase__displayed-text_synonyms-mode ng-star-inserted\">dans<\/span><\/span><span style=\"caret-color: #242424; color: #242424; font-family: Helvetica, sans-serif; text-align: center;\">\u00a0<\/span><span class=\"corrected-phrase corrected-phrase_synonyms-mode ng-star-inserted\" style=\"caret-color: #242424; color: #242424; font-family: Helvetica, sans-serif; text-align: center;\" data-end=\"65\" data-originaltext=\"les\" data-start=\"63\" data-text=\"\"><span class=\"corrected-phrase__displayed-text corrected-phrase__displayed-text_no-correction corrected-phrase__displayed-text_synonyms-mode ng-star-inserted\">les<\/span><\/span><span style=\"caret-color: #242424; color: #242424; font-family: Helvetica, sans-serif; text-align: center;\">\u00a0<\/span><span class=\"corrected-phrase corrected-phrase_synonyms-mode ng-star-inserted\" style=\"caret-color: #242424; color: #242424; font-family: Helvetica, sans-serif; text-align: center;\" data-end=\"70\" data-originaltext=\"plus\" data-start=\"67\" data-text=\"\"><span class=\"corrected-phrase__displayed-text corrected-phrase__displayed-text_no-correction corrected-phrase__displayed-text_synonyms-mode ng-star-inserted\">plus<\/span><\/span><span style=\"caret-color: #242424; color: #242424; font-family: Helvetica, sans-serif; text-align: center;\">\u00a0<\/span><span class=\"corrected-phrase ng-star-inserted\" style=\"caret-color: #242424; color: #242424; font-family: Helvetica, sans-serif; text-align: center;\" data-end=\"76\" data-originaltext=\"bref \" data-start=\"72\" data-text=\"brefs\"><span class=\"corrected-phrase__displayed-text corrected-phrase__displayed-text_bubbled\" data-group=\"AutoCorrected\" data-suggestions=\"1\" data-type=\"Grammar\">brefs<\/span><\/span><span style=\"caret-color: #242424; color: #242424; font-family: Helvetica, sans-serif; text-align: center;\">\u00a0<\/span><span class=\"corrected-phrase corrected-phrase_synonyms-mode ng-star-inserted\" style=\"caret-color: #242424; color: #242424; font-family: Helvetica, sans-serif; text-align: center;\" data-end=\"82\" data-originaltext=\"d\u00e9lais\" data-start=\"77\" data-text=\"\"><span class=\"corrected-phrase__displayed-text corrected-phrase__displayed-text_no-correction corrected-phrase__displayed-text_synonyms-mode ng-star-inserted\">d<\/span><span class=\"corrected-phrase__displayed-text corrected-phrase__displayed-text_no-correction ng-star-inserted\">\u00e9<\/span><span class=\"corrected-phrase__displayed-text corrected-phrase__displayed-text_no-correction corrected-phrase__displayed-text_synonyms-mode ng-star-inserted\">lais<\/span><\/span><span class=\"corrected-phrase ng-star-inserted\" style=\"caret-color: #242424; color: #242424; font-family: Helvetica, sans-serif; text-align: center;\" data-end=\"83\" data-originaltext=\".\" data-start=\"83\" data-text=\"\"><span class=\"corrected-phrase__displayed-text corrected-phrase__displayed-text_no-correction ng-star-inserted\">.<\/span><\/span><\/p>\t\t\t\t\t\t\t\t<\/div>\n\t\t\t\t<\/div>\n\t\t\t\t<div class=\"elementor-element elementor-element-40094ee elementor-widget elementor-widget-shortcode\" data-id=\"40094ee\" data-element_type=\"widget\" data-e-type=\"widget\" data-widget_type=\"shortcode.default\">\n\t\t\t\t<div class=\"elementor-widget-container\">\n\t\t\t\t\t\t\t<div class=\"elementor-shortcode\">\n<div class=\"wpcf7 no-js\" id=\"wpcf7-f2852-o1\" lang=\"fr-FR\" dir=\"ltr\" data-wpcf7-id=\"2852\">\n<div class=\"screen-reader-response\"><p role=\"status\" aria-live=\"polite\" aria-atomic=\"true\"><\/p> <ul><\/ul><\/div>\n<form action=\"\/accueil\/wp-json\/wp\/v2\/pages\/298#wpcf7-f2852-o1\" method=\"post\" class=\"wpcf7-form init\" aria-label=\"Formulaire de contact\" novalidate=\"novalidate\" data-status=\"init\">\n<fieldset class=\"hidden-fields-container\"><input type=\"hidden\" name=\"_wpcf7\" value=\"2852\" \/><input type=\"hidden\" name=\"_wpcf7_version\" value=\"6.1.5\" \/><input type=\"hidden\" name=\"_wpcf7_locale\" value=\"fr_FR\" \/><input type=\"hidden\" name=\"_wpcf7_unit_tag\" value=\"wpcf7-f2852-o1\" \/><input type=\"hidden\" name=\"_wpcf7_container_post\" value=\"0\" \/><input type=\"hidden\" name=\"_wpcf7_posted_data_hash\" value=\"\" \/><input type=\"hidden\" name=\"_wpcf7_recaptcha_response\" value=\"\" \/>\n<\/fieldset>\n<div class=\"row\">\n\n\n          <div class=\"col-md-6\">\n               <input size=\"40\" maxlength=\"400\" class=\"wpcf7-form-control wpcf7-text wpcf7-validates-as-required\" aria-required=\"true\" aria-invalid=\"false\" placeholder=\"Nom et Pr\u00e9nom\" value=\"\" type=\"text\" name=\"your-name\" \/> <\/div>\n\n           <div class=\"col-md-6\">\n               <input size=\"40\" maxlength=\"400\" class=\"wpcf7-form-control wpcf7-email wpcf7-validates-as-required wpcf7-text wpcf7-validates-as-email\" aria-required=\"true\" aria-invalid=\"false\" placeholder=\"Email\" value=\"\" type=\"email\" name=\"your-email\" \/> <\/div>\n    \n            <div class=\"col-md-12\">\n               <input size=\"40\" maxlength=\"400\" class=\"wpcf7-form-control wpcf7-tel wpcf7-text wpcf7-validates-as-tel\" aria-invalid=\"false\" placeholder=\"Num\u00e9ro de t\u00e9l\u00e9phone\" value=\"\" type=\"tel\" name=\"tel-607\" \/><\/div>\n\n        <label> Votre Projet : <\/label>\n          \n               <textarea cols=\"40\" rows=\"10\" maxlength=\"2000\" class=\"wpcf7-form-control wpcf7-textarea\" aria-invalid=\"false\" placeholder=\"D\u00e9crivez nous votre projet\" name=\"your-message\"><\/textarea> <\/div>\n\n <tr><td><span class=\"wpcf7-form-control wpcf7-checkbox wpcf7-validates-as-required\"><span class=\"wpcf7-list-item first last\"><label><input type=\"checkbox\" name=\"validation-rgpd[]\" value=\"J&#039;accepte que mes informations soit stock\u00e9es pour apporter une r\u00e9ponse\" \/><span class=\"wpcf7-list-item-label\">J&#039;accepte que mes informations soit stock\u00e9es pour apporter une r\u00e9ponse<\/span><\/label><\/span><\/span><\/td><\/tr>\n\n               <input class=\"wpcf7-form-control wpcf7-submit has-spinner\" type=\"submit\" value=\"Envoyer\" \/>\n\n\n<\/div><div class=\"wpcf7-response-output\" aria-hidden=\"true\"><\/div>\n<\/form>\n<\/div>\n<\/div>\n\t\t\t\t\t\t<\/div>\n\t\t\t\t<\/div>\n\t\t\t\t\t<\/div>\n\t\t<\/div>\n\t\t\t\t\t<\/div>\n\t\t<\/section>\n\t\t\t\t\t<\/div>\n\t\t<\/div>\n\t\t\t\t\t<\/div>\n\t\t<\/section>\n\t\t\t\t<\/div>\n\t\t","protected":false},"excerpt":{"rendered":"<p>Une question ? Besoin de plus d&rsquo;informations ? Nous\u00a0restons\u00a0disponibles\u00a0et\u00a0nous\u00a0engageons\u00a0\u00e0\u00a0vous\u00a0rappeler\u00a0dans\u00a0les\u00a0plus\u00a0brefs\u00a0d\u00e9lais.<\/p>\n","protected":false},"author":1,"featured_media":0,"parent":0,"menu_order":0,"comment_status":"closed","ping_status":"closed","template":"elementor_header_footer","meta":{"footnotes":""},"class_list":["post-298","page","type-page","status-publish","hentry","no-post-thumbnail"],"yoast_head":"<!-- This site is optimized with the Yoast SEO plugin v26.9 - https:\/\/yoast.com\/product\/yoast-seo-wordpress\/ -->\n<title>Votre devis pour la cr\u00e9ation de votre film d&#039;entreprise, drone, live streaming<\/title>\n<meta name=\"description\" content=\"Notre \u00e9quipe de chef de projet, cadreur, pilote de drone, monteur se tient \u00e0 votre disposition pour faire de vos id\u00e9es, des r\u00e9alisations.\" \/>\n<meta name=\"robots\" content=\"index, follow, max-snippet:-1, max-image-preview:large, max-video-preview:-1\" \/>\n<link rel=\"canonical\" href=\"https:\/\/lemediam2.fr\/accueil\/contact\/\" \/>\n<meta property=\"og:locale\" content=\"fr_FR\" \/>\n<meta property=\"og:type\" content=\"article\" \/>\n<meta property=\"og:title\" content=\"Votre devis pour la cr\u00e9ation de votre film d&#039;entreprise, drone, live streaming\" \/>\n<meta property=\"og:description\" content=\"Notre \u00e9quipe de chef de projet, cadreur, pilote de drone, monteur se tient \u00e0 votre disposition pour faire de vos id\u00e9es, des r\u00e9alisations.\" \/>\n<meta property=\"og:url\" content=\"https:\/\/lemediam2.fr\/accueil\/contact\/\" \/>\n<meta property=\"og:site_name\" content=\"Le M\u00e9dia M2\" \/>\n<meta property=\"article:modified_time\" content=\"2023-01-18T09:38:22+00:00\" \/>\n<meta name=\"twitter:card\" content=\"summary_large_image\" \/>\n<meta name=\"twitter:label1\" content=\"Dur\u00e9e de lecture estim\u00e9e\" \/>\n\t<meta name=\"twitter:data1\" content=\"1 minute\" \/>\n<script type=\"application\/ld+json\" class=\"yoast-schema-graph\">{\"@context\":\"https:\/\/schema.org\",\"@graph\":[{\"@type\":\"WebPage\",\"@id\":\"https:\/\/lemediam2.fr\/accueil\/contact\/\",\"url\":\"https:\/\/lemediam2.fr\/accueil\/contact\/\",\"name\":\"Votre devis pour la cr\u00e9ation de votre film d'entreprise, drone, live streaming\",\"isPartOf\":{\"@id\":\"https:\/\/lemediam2.fr\/accueil\/#website\"},\"datePublished\":\"2019-09-13T11:10:00+00:00\",\"dateModified\":\"2023-01-18T09:38:22+00:00\",\"description\":\"Notre \u00e9quipe de chef de projet, cadreur, pilote de drone, monteur se tient \u00e0 votre disposition pour faire de vos id\u00e9es, des r\u00e9alisations.\",\"breadcrumb\":{\"@id\":\"https:\/\/lemediam2.fr\/accueil\/contact\/#breadcrumb\"},\"inLanguage\":\"fr-FR\",\"potentialAction\":[{\"@type\":\"ReadAction\",\"target\":[\"https:\/\/lemediam2.fr\/accueil\/contact\/\"]}]},{\"@type\":\"BreadcrumbList\",\"@id\":\"https:\/\/lemediam2.fr\/accueil\/contact\/#breadcrumb\",\"itemListElement\":[{\"@type\":\"ListItem\",\"position\":1,\"name\":\"Accueil\",\"item\":\"https:\/\/lemediam2.fr\/accueil\/\"},{\"@type\":\"ListItem\",\"position\":2,\"name\":\"Contact\"}]},{\"@type\":\"WebSite\",\"@id\":\"https:\/\/lemediam2.fr\/accueil\/#website\",\"url\":\"https:\/\/lemediam2.fr\/accueil\/\",\"name\":\"Le M\u00e9dia M2\",\"description\":\"Agence de production audiovisuelle \u00e0 Rouen.\",\"publisher\":{\"@id\":\"https:\/\/lemediam2.fr\/accueil\/#organization\"},\"potentialAction\":[{\"@type\":\"SearchAction\",\"target\":{\"@type\":\"EntryPoint\",\"urlTemplate\":\"https:\/\/lemediam2.fr\/accueil\/?s={search_term_string}\"},\"query-input\":{\"@type\":\"PropertyValueSpecification\",\"valueRequired\":true,\"valueName\":\"search_term_string\"}}],\"inLanguage\":\"fr-FR\"},{\"@type\":\"Organization\",\"@id\":\"https:\/\/lemediam2.fr\/accueil\/#organization\",\"name\":\"Le M\u00e9dia M2\",\"url\":\"https:\/\/lemediam2.fr\/accueil\/\",\"logo\":{\"@type\":\"ImageObject\",\"inLanguage\":\"fr-FR\",\"@id\":\"https:\/\/lemediam2.fr\/accueil\/#\/schema\/logo\/image\/\",\"url\":\"https:\/\/lemediam2.fr\/wp-content\/uploads\/2022\/03\/cropped-LeMediaM2.png\",\"contentUrl\":\"https:\/\/lemediam2.fr\/wp-content\/uploads\/2022\/03\/cropped-LeMediaM2.png\",\"width\":806,\"height\":176,\"caption\":\"Le M\u00e9dia M2\"},\"image\":{\"@id\":\"https:\/\/lemediam2.fr\/accueil\/#\/schema\/logo\/image\/\"}}]}<\/script>\n<!-- \/ Yoast SEO plugin. -->","yoast_head_json":{"title":"Votre devis pour la cr\u00e9ation de votre film d'entreprise, drone, live streaming","description":"Notre \u00e9quipe de chef de projet, cadreur, pilote de drone, monteur se tient \u00e0 votre disposition pour faire de vos id\u00e9es, des r\u00e9alisations.","robots":{"index":"index","follow":"follow","max-snippet":"max-snippet:-1","max-image-preview":"max-image-preview:large","max-video-preview":"max-video-preview:-1"},"canonical":"https:\/\/lemediam2.fr\/accueil\/contact\/","og_locale":"fr_FR","og_type":"article","og_title":"Votre devis pour la cr\u00e9ation de votre film d'entreprise, drone, live streaming","og_description":"Notre \u00e9quipe de chef de projet, cadreur, pilote de drone, monteur se tient \u00e0 votre disposition pour faire de vos id\u00e9es, des r\u00e9alisations.","og_url":"https:\/\/lemediam2.fr\/accueil\/contact\/","og_site_name":"Le M\u00e9dia M2","article_modified_time":"2023-01-18T09:38:22+00:00","twitter_card":"summary_large_image","twitter_misc":{"Dur\u00e9e de lecture estim\u00e9e":"1 minute"},"schema":{"@context":"https:\/\/schema.org","@graph":[{"@type":"WebPage","@id":"https:\/\/lemediam2.fr\/accueil\/contact\/","url":"https:\/\/lemediam2.fr\/accueil\/contact\/","name":"Votre devis pour la cr\u00e9ation de votre film d'entreprise, drone, live streaming","isPartOf":{"@id":"https:\/\/lemediam2.fr\/accueil\/#website"},"datePublished":"2019-09-13T11:10:00+00:00","dateModified":"2023-01-18T09:38:22+00:00","description":"Notre \u00e9quipe de chef de projet, cadreur, pilote de drone, monteur se tient \u00e0 votre disposition pour faire de vos id\u00e9es, des r\u00e9alisations.","breadcrumb":{"@id":"https:\/\/lemediam2.fr\/accueil\/contact\/#breadcrumb"},"inLanguage":"fr-FR","potentialAction":[{"@type":"ReadAction","target":["https:\/\/lemediam2.fr\/accueil\/contact\/"]}]},{"@type":"BreadcrumbList","@id":"https:\/\/lemediam2.fr\/accueil\/contact\/#breadcrumb","itemListElement":[{"@type":"ListItem","position":1,"name":"Accueil","item":"https:\/\/lemediam2.fr\/accueil\/"},{"@type":"ListItem","position":2,"name":"Contact"}]},{"@type":"WebSite","@id":"https:\/\/lemediam2.fr\/accueil\/#website","url":"https:\/\/lemediam2.fr\/accueil\/","name":"Le M\u00e9dia M2","description":"Agence de production audiovisuelle \u00e0 Rouen.","publisher":{"@id":"https:\/\/lemediam2.fr\/accueil\/#organization"},"potentialAction":[{"@type":"SearchAction","target":{"@type":"EntryPoint","urlTemplate":"https:\/\/lemediam2.fr\/accueil\/?s={search_term_string}"},"query-input":{"@type":"PropertyValueSpecification","valueRequired":true,"valueName":"search_term_string"}}],"inLanguage":"fr-FR"},{"@type":"Organization","@id":"https:\/\/lemediam2.fr\/accueil\/#organization","name":"Le M\u00e9dia M2","url":"https:\/\/lemediam2.fr\/accueil\/","logo":{"@type":"ImageObject","inLanguage":"fr-FR","@id":"https:\/\/lemediam2.fr\/accueil\/#\/schema\/logo\/image\/","url":"https:\/\/lemediam2.fr\/wp-content\/uploads\/2022\/03\/cropped-LeMediaM2.png","contentUrl":"https:\/\/lemediam2.fr\/wp-content\/uploads\/2022\/03\/cropped-LeMediaM2.png","width":806,"height":176,"caption":"Le M\u00e9dia M2"},"image":{"@id":"https:\/\/lemediam2.fr\/accueil\/#\/schema\/logo\/image\/"}}]}},"_links":{"self":[{"href":"https:\/\/lemediam2.fr\/accueil\/wp-json\/wp\/v2\/pages\/298","targetHints":{"allow":["GET"]}}],"collection":[{"href":"https:\/\/lemediam2.fr\/accueil\/wp-json\/wp\/v2\/pages"}],"about":[{"href":"https:\/\/lemediam2.fr\/accueil\/wp-json\/wp\/v2\/types\/page"}],"author":[{"embeddable":true,"href":"https:\/\/lemediam2.fr\/accueil\/wp-json\/wp\/v2\/users\/1"}],"replies":[{"embeddable":true,"href":"https:\/\/lemediam2.fr\/accueil\/wp-json\/wp\/v2\/comments?post=298"}],"version-history":[{"count":65,"href":"https:\/\/lemediam2.fr\/accueil\/wp-json\/wp\/v2\/pages\/298\/revisions"}],"predecessor-version":[{"id":2912,"href":"https:\/\/lemediam2.fr\/accueil\/wp-json\/wp\/v2\/pages\/298\/revisions\/2912"}],"wp:attachment":[{"href":"https:\/\/lemediam2.fr\/accueil\/wp-json\/wp\/v2\/media?parent=298"}],"curies":[{"name":"wp","href":"https:\/\/api.w.org\/{rel}","templated":true}]}}